{"id":29320,"date":"2019-04-14T21:31:28","date_gmt":"2019-04-14T19:31:28","guid":{"rendered":"https:\/\/lawded.ch\/?page_id=29320"},"modified":"2020-11-09T10:42:04","modified_gmt":"2020-11-09T09:42:04","slug":"newsletters","status":"publish","type":"page","link":"https:\/\/lawded.ch\/en\/newsletters\/","title":{"rendered":"Newsletters"},"content":{"rendered":"[et_pb_section fb_built=&#8221;1&#8243; _builder_version=&#8221;4.6.5&#8243; use_background_color_gradient=&#8221;on&#8221; background_color_gradient_start=&#8221;rgba(116,156,196,0.47)&#8221; background_color_gradient_end=&#8221;rgba(116,156,196,0.42)&#8221; background_color_gradient_direction=&#8221;188deg&#8221; background_color_gradient_start_position=&#8221;7%&#8221; background_color_gradient_overlays_image=&#8221;on&#8221; background_image=&#8221;https:\/\/lawded.ch\/wp-content\/uploads\/2019\/03\/Background_Newsletter-scaled.jpg&#8221; height_tablet=&#8221;&#8221; height_phone=&#8221;157px&#8221; height_last_edited=&#8221;on|phone&#8221; max_height_tablet=&#8221;&#8221; max_height_phone=&#8221;1000px&#8221; max_height_last_edited=&#8221;on|phone&#8221; hover_enabled=&#8221;0&#8243; sticky_enabled=&#8221;0&#8243;][et_pb_row _builder_version=&#8221;4.4.8&#8243; custom_margin_tablet=&#8221;&#8221; custom_margin_phone=&#8221;-51px||||false|false&#8221; custom_margin_last_edited=&#8221;on|phone&#8221;][et_pb_column type=&#8221;4_4&#8243; _builder_version=&#8221;4.4.8&#8243;][et_pb_text _builder_version=&#8221;4.4.8&#8243; header_font=&#8221;Lato|700|||||||&#8221; header_text_color=&#8221;#ffffff&#8221; header_font_size=&#8221;50px&#8221; custom_margin=&#8221;30px||30px||false|false&#8221; text_font_size_tablet=&#8221;&#8221; text_font_size_phone=&#8221;14px&#8221; text_font_size_last_edited=&#8221;on|phone&#8221; header_font_size_tablet=&#8221;&#8221; header_font_size_phone=&#8221;20px&#8221; header_font_size_last_edited=&#8221;on|phone&#8221;]<h1>Les derni\u00e8res publications<br \/> en continu, dans ta bo\u00eete mail.<\/h1>[\/et_pb_text][\/et_pb_column][\/et_pb_row][\/et_pb_section][et_pb_section fb_built=&#8221;1&#8243; admin_label=&#8221;section&#8221; _builder_version=&#8221;4.4.8&#8243; custom_margin=&#8221;0px||||false|false&#8221; custom_padding=&#8221;0px||||false|false&#8221;][et_pb_row admin_label=&#8221;row&#8221; _builder_version=&#8221;4.4.8&#8243; background_size=&#8221;initial&#8221; background_position=&#8221;top_left&#8221; background_repeat=&#8221;repeat&#8221; width_tablet=&#8221;&#8221; width_phone=&#8221;89%&#8221; width_last_edited=&#8221;on|phone&#8221; max_width_tablet=&#8221;&#8221; max_width_phone=&#8221;&#8221; max_width_last_edited=&#8221;on|phone&#8221; custom_margin_tablet=&#8221;&#8221; custom_margin_phone=&#8221;-11px||||false|false&#8221; custom_margin_last_edited=&#8221;on|phone&#8221;][et_pb_column type=&#8221;4_4&#8243; _builder_version=&#8221;3.25&#8243; custom_padding=&#8221;|||&#8221; custom_padding__hover=&#8221;|||&#8221;][et_pb_text admin_label=&#8221;Text&#8221; _builder_version=&#8221;4.4.8&#8243; background_size=&#8221;initial&#8221; background_position=&#8221;top_left&#8221; background_repeat=&#8221;repeat&#8221;]<p>  \n  \n  <div class=\"\n    mailpoet_form_popup_overlay\n      \"><\/div>\n  <div\n    id=\"mailpoet_form_3\"\n    class=\"\n      mailpoet_form\n      mailpoet_form_shortcode\n      mailpoet_form_position_\n      mailpoet_form_animation_\n    \"\n      >\n\n    <style type=\"text\/css\">\n     #mailpoet_form_3 .mailpoet_form {  }\n#mailpoet_form_3 .mailpoet_paragraph { line-height: 20px; }\n#mailpoet_form_3 .mailpoet_segment_label, #mailpoet_form_3 .mailpoet_text_label, #mailpoet_form_3 .mailpoet_textarea_label, #mailpoet_form_3 .mailpoet_select_label, #mailpoet_form_3 .mailpoet_radio_label, #mailpoet_form_3 .mailpoet_checkbox_label, #mailpoet_form_3 .mailpoet_list_label, #mailpoet_form_3 .mailpoet_date_label { display: block; font-weight: normal; }\n#mailpoet_form_3 .mailpoet_text, #mailpoet_form_3 .mailpoet_textarea, #mailpoet_form_3 .mailpoet_select, #mailpoet_form_3 .mailpoet_date_month, #mailpoet_form_3 .mailpoet_date_day, #mailpoet_form_3 .mailpoet_date_year, #mailpoet_form_3 .mailpoet_date { display: block; }\n#mailpoet_form_3 .mailpoet_text, #mailpoet_form_3 .mailpoet_textarea { width: 200px; margin: 0; }\n#mailpoet_form_3 .mailpoet_checkbox {  }\n#mailpoet_form_3 .mailpoet_submit input {  }\n#mailpoet_form_3 .mailpoet_divider {  }\n#mailpoet_form_3 .mailpoet_message {  }\n#mailpoet_form_3 .mailpoet_validate_success { font-weight: 600; color: #468847; }\n#mailpoet_form_3 .mailpoet_validate_error { color: #b94a48; }\n#mailpoet_form_3 .mailpoet_form_loading { width: 30px; line-height: normal; }\n#mailpoet_form_3 .mailpoet_form_loading > span { width: 5px; height: 5px; background-color: #5b5b5b; }#mailpoet_form_3{border-radius: 0px;text-align: left;}#mailpoet_form_3 form.mailpoet_form {padding: 20px;}#mailpoet_form_3{width: 100%;}#mailpoet_form_3 .mailpoet_message {margin: 0; padding: 0 20px;}#mailpoet_form_3 .mailpoet_paragraph.last {margin-bottom: 0} @media (max-width: 500px) {#mailpoet_form_3 {background-image: none;}} @media (min-width: 500px) {#mailpoet_form_3 .last .mailpoet_paragraph:last-child {margin-bottom: 0}}  @media (max-width: 500px) {#mailpoet_form_3 .mailpoet_form_column:last-child .mailpoet_paragraph:last-child {margin-bottom: 0}} \n    <\/style>\n\n    <form\n      target=\"_self\"\n      method=\"post\"\n      action=\"https:\/\/lawded.ch\/wp-admin\/admin-post.php?action=mailpoet_subscription_form\"\n      class=\"mailpoet_form mailpoet_form_form mailpoet_form_shortcode\"\n      novalidate\n      data-delay=\"\"\n      data-exit-intent-enabled=\"\"\n      data-font-family=\"\"\n      data-cookie-expiration-time=\"\"\n    >\n      <input type=\"hidden\" name=\"data[form_id]\" value=\"3\" \/>\n      <input type=\"hidden\" name=\"token\" value=\"b6825e3ca7\" \/>\n      <input type=\"hidden\" name=\"api_version\" value=\"v1\" \/>\n      <input type=\"hidden\" name=\"endpoint\" value=\"subscribers\" \/>\n      <input type=\"hidden\" name=\"mailpoet_method\" value=\"subscribe\" \/>\n\n      <label class=\"mailpoet_hp_email_label\" style=\"display: none !important;\">Please leave this field empty<input type=\"email\" name=\"data[email]\"\/><\/label><div class=\"mailpoet_paragraph \"><fieldset><legend class=\"mailpoet_segment_label\" >S\u00e9lectionner une ou plusieurs listes :<\/legend><label class=\"mailpoet_checkbox_label\" for=\"mailpoet_segment_1\" ><input type=\"checkbox\" class=\"mailpoet_checkbox\" id=\"mailpoet_segment_1\" name=\"data[form_field_YzdlYTZhMjhiODk3X3NlZ21lbnRz][]\" value=\"9\"  data-parsley-errors-container=\".mailpoet_error_16idd\" data-parsley-required=\"true\" required aria-required=\"true\" data-parsley-group=\"segments\" data-parsley-required-message=\"Please select a list.\" \/> Newsletter G\u00e9n\u00e9rale (tous les domaines)<\/label><label class=\"mailpoet_checkbox_label\" for=\"mailpoet_segment_2\" ><input type=\"checkbox\" class=\"mailpoet_checkbox\" id=\"mailpoet_segment_2\" name=\"data[form_field_YzdlYTZhMjhiODk3X3NlZ21lbnRz][]\" value=\"6\"  data-parsley-errors-container=\".mailpoet_error_16idd\" data-parsley-required=\"true\" required aria-required=\"true\" data-parsley-group=\"segments\" data-parsley-required-message=\"Please select a list.\" \/> Droit Priv\u00e9<\/label><label class=\"mailpoet_checkbox_label\" for=\"mailpoet_segment_3\" ><input type=\"checkbox\" class=\"mailpoet_checkbox\" id=\"mailpoet_segment_3\" name=\"data[form_field_YzdlYTZhMjhiODk3X3NlZ21lbnRz][]\" value=\"7\"  data-parsley-errors-container=\".mailpoet_error_16idd\" data-parsley-required=\"true\" required aria-required=\"true\" data-parsley-group=\"segments\" data-parsley-required-message=\"Please select a list.\" \/> Droit Public<\/label><label class=\"mailpoet_checkbox_label\" for=\"mailpoet_segment_4\" ><input type=\"checkbox\" class=\"mailpoet_checkbox\" id=\"mailpoet_segment_4\" name=\"data[form_field_YzdlYTZhMjhiODk3X3NlZ21lbnRz][]\" value=\"8\"  data-parsley-errors-container=\".mailpoet_error_16idd\" data-parsley-required=\"true\" required aria-required=\"true\" data-parsley-group=\"segments\" data-parsley-required-message=\"Please select a list.\" \/> Droit International<\/label><span class=\"mailpoet_error_16idd\"><\/span><\/fieldset><\/div>\n<div class=\"mailpoet_paragraph \"><label for=\"form_email_3\" class=\"mailpoet_text_label\"  data-automation-id=\"form_email_label\" >E-mail&nbsp;<span class=\"mailpoet_required\" aria-hidden=\"true\">*<\/span><\/label><input type=\"email\" autocomplete=\"email\" class=\"mailpoet_text\" id=\"form_email_3\" name=\"data[form_field_MTI2MjVhMTFlYjdkX2VtYWls]\" title=\"E-mail\" value=\"\" style=\"background-color:#ffffff;border-style:solid;border-radius:0px !important;border-width:1px;border-color:#313131;padding:5px;margin: 0 auto 0 0;\" data-automation-id=\"form_email\" data-parsley-errors-container=\".mailpoet_error_biq0f\" data-parsley-required=\"true\" required aria-required=\"true\" data-parsley-minlength=\"6\" data-parsley-maxlength=\"150\" data-parsley-type-message=\"This value should be a valid email.\" data-parsley-required-message=\"This field is required.\"\/><span class=\"mailpoet_error_biq0f\"><\/span><\/div>\n<div class=\"mailpoet_paragraph \"><input type=\"submit\" class=\"mailpoet_submit\" value=\"Je m\u2019abonne\u00a0!\" data-automation-id=\"subscribe-submit-button\" style=\"padding:5px;margin: 0 auto 0 0;border-color:transparent;\" \/><span class=\"mailpoet_form_loading\"><span class=\"mailpoet_bounce1\"><\/span><span class=\"mailpoet_bounce2\"><\/span><span class=\"mailpoet_bounce3\"><\/span><\/span><\/div>\n\n      <div class=\"mailpoet_message\">\n        <p class=\"mailpoet_validate_success\"\n                style=\"display:none;\"\n                >Vous avez bien \u00e9t\u00e9 inscrit \u00e0 notre newsletter\u00a0!\n        <\/p>\n        <p class=\"mailpoet_validate_error\"\n                style=\"display:none;\"\n                >        <\/p>\n      <\/div>\n    <\/form>\n\n      <\/div>\n\n  \n<\/p>\n<p><strong>En vous inscrivant aux Newsletters, vous acceptez les Conditions g\u00e9n\u00e9rales et de Confidentialit\u00e9 disponibles <\/strong><a href=\"https:\/\/lawded.ch\/legal-privacy\/\"><strong>ici<\/strong><\/a><strong> <\/strong><\/p>\n<p><\/p>[\/et_pb_text][\/et_pb_column][\/et_pb_row][\/et_pb_section]","protected":false},"excerpt":{"rendered":"<p>[et_pb_section fb_built=&#8221;1&#8243; _builder_version=&#8221;4.6.5&#8243; use_background_color_gradient=&#8221;on&#8221; background_color_gradient_start=&#8221;rgba(116,156,196,0.47)&#8221; background_color_gradient_end=&#8221;rgba(116,156,196,0.42)&#8221; background_color_gradient_direction=&#8221;188deg&#8221; background_color_gradient_start_position=&#8221;7%&#8221; background_color_gradient_overlays_image=&#8221;on&#8221; background_image=&#8221;https:\/\/lawded.ch\/wp-content\/uploads\/2019\/03\/Background_Newsletter-scaled.jpg&#8221; height_tablet=&#8221;&#8221; height_phone=&#8221;157px&#8221; height_last_edited=&#8221;on|phone&#8221; max_height_tablet=&#8221;&#8221; max_height_phone=&#8221;1000px&#8221; max_height_last_edited=&#8221;on|phone&#8221; hover_enabled=&#8221;0&#8243; sticky_enabled=&#8221;0&#8243;][et_pb_row _builder_version=&#8221;4.4.8&#8243; custom_margin_tablet=&#8221;&#8221; custom_margin_phone=&#8221;-51px||||false|false&#8221; custom_margin_last_edited=&#8221;on|phone&#8221;][et_pb_column type=&#8221;4_4&#8243; _builder_version=&#8221;4.4.8&#8243;][et_pb_text _builder_version=&#8221;4.4.8&#8243; header_font=&#8221;Lato|700|||||||&#8221; header_text_color=&#8221;#ffffff&#8221; header_font_size=&#8221;50px&#8221; custom_margin=&#8221;30px||30px||false|false&#8221; text_font_size_tablet=&#8221;&#8221; text_font_size_phone=&#8221;14px&#8221; text_font_size_last_edited=&#8221;on|phone&#8221; header_font_size_tablet=&#8221;&#8221; header_font_size_phone=&#8221;20px&#8221; header_font_size_last_edited=&#8221;on|phone&#8221;] Les derni\u00e8res publications en continu, dans ta bo\u00eete mail. [\/et_pb_text][\/et_pb_column][\/et_pb_row][\/et_pb_section][et_pb_section fb_built=&#8221;1&#8243; admin_label=&#8221;section&#8221; _builder_version=&#8221;4.4.8&#8243; custom_margin=&#8221;0px||||false|false&#8221; custom_padding=&#8221;0px||||false|false&#8221;][et_pb_row admin_label=&#8221;row&#8221; _builder_version=&#8221;4.4.8&#8243; background_size=&#8221;initial&#8221; background_position=&#8221;top_left&#8221; background_repeat=&#8221;repeat&#8221; [&hellip;]<\/p>\n","protected":false},"author":1,"featured_media":0,"parent":0,"menu_order":0,"comment_status":"closed","ping_status":"closed","template":"","meta":{"_acf_changed":false,"_et_pb_use_builder":"on","_et_pb_old_content":"<!-- wp:block {\"ref\":29905} \/-->\n\n<!-- wp:paragraph -->\n<p><strong>En vous inscrivant aux Newsletters, vous acceptez les Conditions g\u00e9n\u00e9rales et de Confidentialit\u00e9 disponibles <\/strong><a href=\"https:\/\/lawded.ch\/legal-privacy\/\"><strong>ici<\/strong><\/a><strong> <\/strong><\/p>\n<!-- \/wp:paragraph -->","_et_gb_content_width":"","yasr_overall_rating":0,"yasr_post_is_review":"","yasr_auto_insert_disabled":"","yasr_review_type":"","footnotes":""},"class_list":["post-29320","page","type-page","status-publish","hentry"],"acf":[],"yoast_head":"<!-- This site is optimized with the Yoast SEO plugin v27.4 - https:\/\/yoast.com\/product\/yoast-seo-wordpress\/ -->\n<title>Newsletters - Lawded<\/title>\n<meta name=\"robots\" content=\"index, follow, max-snippet:-1, max-image-preview:large, max-video-preview:-1\" \/>\n<link rel=\"canonical\" href=\"https:\/\/lawded.ch\/en\/newsletters\/\" \/>\n<meta property=\"og:locale\" content=\"en_US\" \/>\n<meta property=\"og:type\" content=\"article\" \/>\n<meta property=\"og:title\" content=\"Newsletters - Lawded\" \/>\n<meta property=\"og:description\" content=\"[et_pb_section fb_built=&#8221;1&#8243; _builder_version=&#8221;4.6.5&#8243; use_background_color_gradient=&#8221;on&#8221; background_color_gradient_start=&#8221;rgba(116,156,196,0.47)&#8221; background_color_gradient_end=&#8221;rgba(116,156,196,0.42)&#8221; background_color_gradient_direction=&#8221;188deg&#8221; background_color_gradient_start_position=&#8221;7%&#8221; background_color_gradient_overlays_image=&#8221;on&#8221; background_image=&#8221;https:\/\/lawded.ch\/wp-content\/uploads\/2019\/03\/Background_Newsletter-scaled.jpg&#8221; height_tablet=&#8221;&#8221; height_phone=&#8221;157px&#8221; height_last_edited=&#8221;on|phone&#8221; max_height_tablet=&#8221;&#8221; max_height_phone=&#8221;1000px&#8221; max_height_last_edited=&#8221;on|phone&#8221; hover_enabled=&#8221;0&#8243; sticky_enabled=&#8221;0&#8243;][et_pb_row _builder_version=&#8221;4.4.8&#8243; custom_margin_tablet=&#8221;&#8221; custom_margin_phone=&#8221;-51px||||false|false&#8221; custom_margin_last_edited=&#8221;on|phone&#8221;][et_pb_column type=&#8221;4_4&#8243; _builder_version=&#8221;4.4.8&#8243;][et_pb_text _builder_version=&#8221;4.4.8&#8243; header_font=&#8221;Lato|700|||||||&#8221; header_text_color=&#8221;#ffffff&#8221; header_font_size=&#8221;50px&#8221; custom_margin=&#8221;30px||30px||false|false&#8221; text_font_size_tablet=&#8221;&#8221; text_font_size_phone=&#8221;14px&#8221; text_font_size_last_edited=&#8221;on|phone&#8221; header_font_size_tablet=&#8221;&#8221; header_font_size_phone=&#8221;20px&#8221; header_font_size_last_edited=&#8221;on|phone&#8221;] Les derni\u00e8res publications en continu, dans ta bo\u00eete mail. [\/et_pb_text][\/et_pb_column][\/et_pb_row][\/et_pb_section][et_pb_section fb_built=&#8221;1&#8243; admin_label=&#8221;section&#8221; _builder_version=&#8221;4.4.8&#8243; custom_margin=&#8221;0px||||false|false&#8221; custom_padding=&#8221;0px||||false|false&#8221;][et_pb_row admin_label=&#8221;row&#8221; _builder_version=&#8221;4.4.8&#8243; background_size=&#8221;initial&#8221; background_position=&#8221;top_left&#8221; background_repeat=&#8221;repeat&#8221; [&hellip;]\" \/>\n<meta property=\"og:url\" content=\"https:\/\/lawded.ch\/en\/newsletters\/\" \/>\n<meta property=\"og:site_name\" content=\"Lawded\" \/>\n<meta property=\"article:publisher\" content=\"https:\/\/www.facebook.com\/lawdedCH\/\" \/>\n<meta property=\"article:modified_time\" content=\"2020-11-09T09:42:04+00:00\" \/>\n<meta property=\"og:image\" content=\"https:\/\/lawded.ch\/wp-content\/uploads\/2019\/03\/Final.jpeg\" \/>\n\t<meta property=\"og:image:width\" content=\"800\" \/>\n\t<meta property=\"og:image:height\" content=\"800\" \/>\n\t<meta property=\"og:image:type\" content=\"image\/jpeg\" \/>\n<meta name=\"twitter:card\" content=\"summary_large_image\" \/>\n<meta name=\"twitter:label1\" content=\"Est. reading time\" \/>\n\t<meta name=\"twitter:data1\" content=\"2 minutes\" \/>\n<script type=\"application\/ld+json\" class=\"yoast-schema-graph\">{\"@context\":\"https:\\\/\\\/schema.org\",\"@graph\":[{\"@type\":\"WebPage\",\"@id\":\"https:\\\/\\\/lawded.ch\\\/newsletters\\\/\",\"url\":\"https:\\\/\\\/lawded.ch\\\/newsletters\\\/\",\"name\":\"Newsletters - Lawded\",\"isPartOf\":{\"@id\":\"https:\\\/\\\/lawded.ch\\\/#website\"},\"datePublished\":\"2019-04-14T19:31:28+00:00\",\"dateModified\":\"2020-11-09T09:42:04+00:00\",\"breadcrumb\":{\"@id\":\"https:\\\/\\\/lawded.ch\\\/newsletters\\\/#breadcrumb\"},\"inLanguage\":\"en-US\",\"potentialAction\":[{\"@type\":\"ReadAction\",\"target\":[\"https:\\\/\\\/lawded.ch\\\/newsletters\\\/\"]}]},{\"@type\":\"BreadcrumbList\",\"@id\":\"https:\\\/\\\/lawded.ch\\\/newsletters\\\/#breadcrumb\",\"itemListElement\":[{\"@type\":\"ListItem\",\"position\":1,\"name\":\"Accueil\",\"item\":\"https:\\\/\\\/lawded.ch\\\/\"},{\"@type\":\"ListItem\",\"position\":2,\"name\":\"Newsletters\"}]},{\"@type\":\"WebSite\",\"@id\":\"https:\\\/\\\/lawded.ch\\\/#website\",\"url\":\"https:\\\/\\\/lawded.ch\\\/\",\"name\":\"Lawded\",\"description\":\"Libre. Gratuit.\",\"publisher\":{\"@id\":\"https:\\\/\\\/lawded.ch\\\/#organization\"},\"potentialAction\":[{\"@type\":\"SearchAction\",\"target\":{\"@type\":\"EntryPoint\",\"urlTemplate\":\"https:\\\/\\\/lawded.ch\\\/?s={search_term_string}\"},\"query-input\":{\"@type\":\"PropertyValueSpecification\",\"valueRequired\":true,\"valueName\":\"search_term_string\"}}],\"inLanguage\":\"en-US\"},{\"@type\":\"Organization\",\"@id\":\"https:\\\/\\\/lawded.ch\\\/#organization\",\"name\":\"Lawded\",\"url\":\"https:\\\/\\\/lawded.ch\\\/\",\"logo\":{\"@type\":\"ImageObject\",\"inLanguage\":\"en-US\",\"@id\":\"https:\\\/\\\/lawded.ch\\\/#\\\/schema\\\/logo\\\/image\\\/\",\"url\":\"https:\\\/\\\/lawded.ch\\\/wp-content\\\/uploads\\\/2019\\\/03\\\/Final.jpeg\",\"contentUrl\":\"https:\\\/\\\/lawded.ch\\\/wp-content\\\/uploads\\\/2019\\\/03\\\/Final.jpeg\",\"width\":800,\"height\":800,\"caption\":\"Lawded\"},\"image\":{\"@id\":\"https:\\\/\\\/lawded.ch\\\/#\\\/schema\\\/logo\\\/image\\\/\"},\"sameAs\":[\"https:\\\/\\\/www.facebook.com\\\/lawdedCH\\\/\",\"https:\\\/\\\/www.linkedin.com\\\/company\\\/14050531\\\/\"]},false]}<\/script>\n<!-- \/ Yoast SEO plugin. -->","yoast_head_json":{"title":"Newsletters - Lawded","robots":{"index":"index","follow":"follow","max-snippet":"max-snippet:-1","max-image-preview":"max-image-preview:large","max-video-preview":"max-video-preview:-1"},"canonical":"https:\/\/lawded.ch\/en\/newsletters\/","og_locale":"en_US","og_type":"article","og_title":"Newsletters - Lawded","og_description":"[et_pb_section fb_built=&#8221;1&#8243; _builder_version=&#8221;4.6.5&#8243; use_background_color_gradient=&#8221;on&#8221; background_color_gradient_start=&#8221;rgba(116,156,196,0.47)&#8221; background_color_gradient_end=&#8221;rgba(116,156,196,0.42)&#8221; background_color_gradient_direction=&#8221;188deg&#8221; background_color_gradient_start_position=&#8221;7%&#8221; background_color_gradient_overlays_image=&#8221;on&#8221; background_image=&#8221;https:\/\/lawded.ch\/wp-content\/uploads\/2019\/03\/Background_Newsletter-scaled.jpg&#8221; height_tablet=&#8221;&#8221; height_phone=&#8221;157px&#8221; height_last_edited=&#8221;on|phone&#8221; max_height_tablet=&#8221;&#8221; max_height_phone=&#8221;1000px&#8221; max_height_last_edited=&#8221;on|phone&#8221; hover_enabled=&#8221;0&#8243; sticky_enabled=&#8221;0&#8243;][et_pb_row _builder_version=&#8221;4.4.8&#8243; custom_margin_tablet=&#8221;&#8221; custom_margin_phone=&#8221;-51px||||false|false&#8221; custom_margin_last_edited=&#8221;on|phone&#8221;][et_pb_column type=&#8221;4_4&#8243; _builder_version=&#8221;4.4.8&#8243;][et_pb_text _builder_version=&#8221;4.4.8&#8243; header_font=&#8221;Lato|700|||||||&#8221; header_text_color=&#8221;#ffffff&#8221; header_font_size=&#8221;50px&#8221; custom_margin=&#8221;30px||30px||false|false&#8221; text_font_size_tablet=&#8221;&#8221; text_font_size_phone=&#8221;14px&#8221; text_font_size_last_edited=&#8221;on|phone&#8221; header_font_size_tablet=&#8221;&#8221; header_font_size_phone=&#8221;20px&#8221; header_font_size_last_edited=&#8221;on|phone&#8221;] Les derni\u00e8res publications en continu, dans ta bo\u00eete mail. [\/et_pb_text][\/et_pb_column][\/et_pb_row][\/et_pb_section][et_pb_section fb_built=&#8221;1&#8243; admin_label=&#8221;section&#8221; _builder_version=&#8221;4.4.8&#8243; custom_margin=&#8221;0px||||false|false&#8221; custom_padding=&#8221;0px||||false|false&#8221;][et_pb_row admin_label=&#8221;row&#8221; _builder_version=&#8221;4.4.8&#8243; background_size=&#8221;initial&#8221; background_position=&#8221;top_left&#8221; background_repeat=&#8221;repeat&#8221; [&hellip;]","og_url":"https:\/\/lawded.ch\/en\/newsletters\/","og_site_name":"Lawded","article_publisher":"https:\/\/www.facebook.com\/lawdedCH\/","article_modified_time":"2020-11-09T09:42:04+00:00","og_image":[{"width":800,"height":800,"url":"https:\/\/lawded.ch\/wp-content\/uploads\/2019\/03\/Final.jpeg","type":"image\/jpeg"}],"twitter_card":"summary_large_image","twitter_misc":{"Est. reading time":"2 minutes"},"schema":{"@context":"https:\/\/schema.org","@graph":[{"@type":"WebPage","@id":"https:\/\/lawded.ch\/newsletters\/","url":"https:\/\/lawded.ch\/newsletters\/","name":"Newsletters - Lawded","isPartOf":{"@id":"https:\/\/lawded.ch\/#website"},"datePublished":"2019-04-14T19:31:28+00:00","dateModified":"2020-11-09T09:42:04+00:00","breadcrumb":{"@id":"https:\/\/lawded.ch\/newsletters\/#breadcrumb"},"inLanguage":"en-US","potentialAction":[{"@type":"ReadAction","target":["https:\/\/lawded.ch\/newsletters\/"]}]},{"@type":"BreadcrumbList","@id":"https:\/\/lawded.ch\/newsletters\/#breadcrumb","itemListElement":[{"@type":"ListItem","position":1,"name":"Accueil","item":"https:\/\/lawded.ch\/"},{"@type":"ListItem","position":2,"name":"Newsletters"}]},{"@type":"WebSite","@id":"https:\/\/lawded.ch\/#website","url":"https:\/\/lawded.ch\/","name":"Lawded","description":"Free. Free.","publisher":{"@id":"https:\/\/lawded.ch\/#organization"},"potentialAction":[{"@type":"SearchAction","target":{"@type":"EntryPoint","urlTemplate":"https:\/\/lawded.ch\/?s={search_term_string}"},"query-input":{"@type":"PropertyValueSpecification","valueRequired":true,"valueName":"search_term_string"}}],"inLanguage":"en-US"},{"@type":"Organization","@id":"https:\/\/lawded.ch\/#organization","name":"Lawded","url":"https:\/\/lawded.ch\/","logo":{"@type":"ImageObject","inLanguage":"en-US","@id":"https:\/\/lawded.ch\/#\/schema\/logo\/image\/","url":"https:\/\/lawded.ch\/wp-content\/uploads\/2019\/03\/Final.jpeg","contentUrl":"https:\/\/lawded.ch\/wp-content\/uploads\/2019\/03\/Final.jpeg","width":800,"height":800,"caption":"Lawded"},"image":{"@id":"https:\/\/lawded.ch\/#\/schema\/logo\/image\/"},"sameAs":["https:\/\/www.facebook.com\/lawdedCH\/","https:\/\/www.linkedin.com\/company\/14050531\/"]},false]}},"yasr_visitor_votes":{"stars_attributes":{"read_only":false,"span_bottom":false},"number_of_votes":0,"sum_votes":0},"_links":{"self":[{"href":"https:\/\/lawded.ch\/en\/wp-json\/wp\/v2\/pages\/29320","targetHints":{"allow":["GET"]}}],"collection":[{"href":"https:\/\/lawded.ch\/en\/wp-json\/wp\/v2\/pages"}],"about":[{"href":"https:\/\/lawded.ch\/en\/wp-json\/wp\/v2\/types\/page"}],"author":[{"embeddable":true,"href":"https:\/\/lawded.ch\/en\/wp-json\/wp\/v2\/users\/1"}],"replies":[{"embeddable":true,"href":"https:\/\/lawded.ch\/en\/wp-json\/wp\/v2\/comments?post=29320"}],"version-history":[{"count":19,"href":"https:\/\/lawded.ch\/en\/wp-json\/wp\/v2\/pages\/29320\/revisions"}],"predecessor-version":[{"id":30887,"href":"https:\/\/lawded.ch\/en\/wp-json\/wp\/v2\/pages\/29320\/revisions\/30887"}],"wp:attachment":[{"href":"https:\/\/lawded.ch\/en\/wp-json\/wp\/v2\/media?parent=29320"}],"curies":[{"name":"wp","href":"https:\/\/api.w.org\/{rel}","templated":true}]}}